{"id":3429,"date":"2026-02-23T07:17:31","date_gmt":"2026-02-23T06:17:31","guid":{"rendered":"https:\/\/upfish.cz\/?post_type=product&#038;p=3429"},"modified":"2026-02-23T07:25:25","modified_gmt":"2026-02-23T06:25:25","slug":"pellet-venom","status":"publish","type":"product","link":"https:\/\/upfish.cz\/de\/produkt\/pellet-venom\/","title":{"rendered":"PELLET VENOM"},"content":{"rendered":"<!--themify_builder_content-->\n<div id=\"themify_builder_content-3429\" data-postid=\"3429\" class=\"themify_builder_content themify_builder_content-3429 themify_builder tf_clear\">\n    <\/div>\n<!--\/themify_builder_content-->\n","protected":false},"excerpt":{"rendered":"<p data-start=\"0\" data-end=\"380\"><strong data-start=\"0\" data-end=\"20\">VENOM Pellet 3mm<\/strong> ist eine starke, selektive Option f\u00fcr Angler, die gezielt gr\u00f6\u00dfere Fische ansprechen und ihren Angelplatz mit einem hochwertigen, proteinreichen Futter aufbauen m\u00f6chten. Die gr\u00f6\u00dfere Pelletfraktion begrenzt auf nat\u00fcrliche Weise Kleinfische und erm\u00f6glicht es, sich auf Karpfen sowie gr\u00f6\u00dfere Exemplare zu konzentrieren, die selbstbewusst und entschlossen fressen.<\/p>\n<p data-start=\"382\" data-end=\"680\">VENOM ist ein Pellet mit sehr hohem Proteingehalt \u2013 \u00fcber 45 % \u2013 und stellt somit ein reichhaltiges, \u00f6liges Fischfutter dar, das die Fische lange im Futterbereich h\u00e4lt. Der intensive, nat\u00fcrliche Fischgeruch sorgt f\u00fcr eine hervorragende Wirkung an Gew\u00e4ssern, die einen st\u00e4rkeren Futterreiz erfordern.<\/p>\n<p data-start=\"682\" data-end=\"971\">Dies ist eine weitere Version der legend\u00e4ren VENOM-Linie, die auch an die charakteristischen Farben der Wafters dieser Serie ankn\u00fcpft. Der dunkle, nahezu schwarze Pellet enth\u00e4lt gelbe Partikel, die die visuelle Attraktivit\u00e4t erh\u00f6hen und unter Wasser einen sehr nat\u00fcrlichen Effekt erzeugen.<\/p>\n<p data-start=\"973\" data-end=\"1300\">Im Sommer funktioniert der VENOM Pellet 3mm hervorragend allein, ohne Zusatz von Grundfutter \u2013 als saubere, nahrhafte Basis f\u00fcr das Method Feeder Angeln. Im Fr\u00fchjahr und Herbst kann er mit einer kleinen Menge Grundfutter angereichert werden, um die Arbeit zu beschleunigen und die Mischung besser an k\u00e4lteres Wasser anzupassen.<\/p>\n<p data-start=\"1302\" data-end=\"1391\">Verpackt in einer praktischen 800g Verpackung \u2013 leicht zu \u00f6ffnen und wiederverschlie\u00dfbar.<\/p>\n<p data-start=\"1393\" data-end=\"1702\" data-is-last-node=\"\" data-is-only-node=\"\"><strong data-start=\"1393\" data-end=\"1403\">Gr\u00f6\u00dfe:<\/strong> 3 mm<br data-start=\"1408\" data-end=\"1411\" \/><strong data-start=\"1411\" data-end=\"1429\">Proteingehalt:<\/strong> +45 %<br data-start=\"1435\" data-end=\"1438\" \/><strong data-start=\"1438\" data-end=\"1448\">Aroma:<\/strong> fischig, \u00f6lig, nat\u00fcrlich<br data-start=\"1473\" data-end=\"1476\" data-is-only-node=\"\" \/><strong data-start=\"1476\" data-end=\"1486\">Farbe:<\/strong> dunkler Pellet mit gelben Partikeln<br data-start=\"1522\" data-end=\"1525\" \/><strong data-start=\"1525\" data-end=\"1540\">Verpackung:<\/strong> 800 g, wiederverschlie\u00dfbar<br data-start=\"1567\" data-end=\"1570\" \/><strong data-start=\"1570\" data-end=\"1584\">Anwendung:<\/strong> Selektion gr\u00f6\u00dferer Fische, Method Feeder; im Sommer als Basis, im Fr\u00fchjahr\/Herbst mit geringem Zusatz von Grundfutter<\/p>\n","protected":false},"featured_media":3433,"template":"","meta":[],"product_cat":[120],"product_tag":[],"class_list":{"0":"post-3429","1":"product","2":"type-product","3":"status-publish","4":"has-post-thumbnail","6":"product_cat-method-feeder-de","7":"has-post-title","8":"has-post-date","9":"has-post-category","10":"has-post-tag","11":"has-post-comment","12":"has-post-author","13":"","15":"first","16":"instock","17":"featured","18":"shipping-taxable","19":"purchasable","20":"product-type-simple"},"builder_content":"","_links":{"self":[{"href":"https:\/\/upfish.cz\/de\/wp-json\/wp\/v2\/product\/3429","targetHints":{"allow":["GET"]}}],"collection":[{"href":"https:\/\/upfish.cz\/de\/wp-json\/wp\/v2\/product"}],"about":[{"href":"https:\/\/upfish.cz\/de\/wp-json\/wp\/v2\/types\/product"}],"wp:featuredmedia":[{"embeddable":true,"href":"https:\/\/upfish.cz\/de\/wp-json\/wp\/v2\/media\/3433"}],"wp:attachment":[{"href":"https:\/\/upfish.cz\/de\/wp-json\/wp\/v2\/media?parent=3429"}],"wp:term":[{"taxonomy":"product_cat","embeddable":true,"href":"https:\/\/upfish.cz\/de\/wp-json\/wp\/v2\/product_cat?post=3429"},{"taxonomy":"product_tag","embeddable":true,"href":"https:\/\/upfish.cz\/de\/wp-json\/wp\/v2\/product_tag?post=3429"}],"curies":[{"name":"wp","href":"https:\/\/api.w.org\/{rel}","templated":true}]}}