{"id":2886,"date":"2024-04-17T20:10:52","date_gmt":"2024-04-17T18:10:52","guid":{"rendered":"https:\/\/upfish.cz\/?post_type=product&#038;p=2886"},"modified":"2024-04-17T20:17:51","modified_gmt":"2024-04-17T18:17:51","slug":"wafters-classic-vanilla-big","status":"publish","type":"product","link":"https:\/\/upfish.cz\/de\/produkt\/wafters-classic-vanilla-big\/","title":{"rendered":"Wafters classic vanilla big"},"content":{"rendered":"<!--themify_builder_content-->\n<div id=\"themify_builder_content-2886\" data-postid=\"2886\" class=\"themify_builder_content themify_builder_content-2886 themify_builder tf_clear\">\n    <\/div>\n<!--\/themify_builder_content-->\n","protected":false},"excerpt":{"rendered":"<p>S\u00fc\u00dfe K\u00f6der in zwei gedeckten Farben und einem sehr angenehmen Vanilleduft. Der s\u00fc\u00dfe Duft der Wafters ist ein Grundnahrungsmittel, und die hellen orangefarbenen und gedeckten braunen Farben sorgen daf\u00fcr, dass uns die Wafters in unserem Arsenal nicht ausgehen. Am besten kommen die Waffeln zur Geltung, wenn sie auf einem Bajonett befestigt werden.<\/p>\n<p><strong>Gr\u00f6\u00dfen:<\/strong> 6mm und 12mm<br \/>\n<strong>Verpackung:<\/strong> 50ml<br \/>\n<strong>Duft:<\/strong> angenehm, Vanille<br \/>\n<strong>Farbe:<\/strong> blasses Orange und helles Braun<br \/>\n<strong>Verwendung:<\/strong> Ganzjahresk\u00f6der mit Schwerpunkt auf der vollen Saison<\/p>\n","protected":false},"featured_media":2899,"template":"","meta":[],"product_cat":[120],"product_tag":[],"class_list":{"0":"post-2886","1":"product","2":"type-product","3":"status-publish","4":"has-post-thumbnail","6":"product_cat-method-feeder-de","7":"has-post-title","8":"has-post-date","9":"has-post-category","10":"has-post-tag","11":"has-post-comment","12":"has-post-author","13":"","15":"first","16":"instock","17":"shipping-taxable","18":"purchasable","19":"product-type-simple"},"builder_content":"","_links":{"self":[{"href":"https:\/\/upfish.cz\/de\/wp-json\/wp\/v2\/product\/2886","targetHints":{"allow":["GET"]}}],"collection":[{"href":"https:\/\/upfish.cz\/de\/wp-json\/wp\/v2\/product"}],"about":[{"href":"https:\/\/upfish.cz\/de\/wp-json\/wp\/v2\/types\/product"}],"wp:featuredmedia":[{"embeddable":true,"href":"https:\/\/upfish.cz\/de\/wp-json\/wp\/v2\/media\/2899"}],"wp:attachment":[{"href":"https:\/\/upfish.cz\/de\/wp-json\/wp\/v2\/media?parent=2886"}],"wp:term":[{"taxonomy":"product_cat","embeddable":true,"href":"https:\/\/upfish.cz\/de\/wp-json\/wp\/v2\/product_cat?post=2886"},{"taxonomy":"product_tag","embeddable":true,"href":"https:\/\/upfish.cz\/de\/wp-json\/wp\/v2\/product_tag?post=2886"}],"curies":[{"name":"wp","href":"https:\/\/api.w.org\/{rel}","templated":true}]}}