{"id":2757,"date":"2024-03-12T12:54:18","date_gmt":"2024-03-12T11:54:18","guid":{"rendered":"https:\/\/upfish.cz\/?post_type=product&#038;p=2757"},"modified":"2024-03-12T13:08:41","modified_gmt":"2024-03-12T12:08:41","slug":"grundkoder-perfect-classic","status":"publish","type":"product","link":"https:\/\/upfish.cz\/de\/produkt\/grundkoder-perfect-classic\/","title":{"rendered":"Grundk\u00f6der Perfect Classic"},"content":{"rendered":"<!--themify_builder_content-->\n<div id=\"themify_builder_content-2757\" data-postid=\"2757\" class=\"themify_builder_content themify_builder_content-2757 themify_builder tf_clear\">\n    <\/div>\n<!--\/themify_builder_content-->\n","protected":false},"excerpt":{"rendered":"<p>Dieser Grundk\u00f6der wurde f\u00fcr den Classic Feeder und das Posenfischen entwickelt, kann aber auch mit dem Method Feeder eingesetzt werden. Er hat eine helle, nat\u00fcrliche Farbe, eine feine Struktur und funktioniert sehr gut, wenn er zu Kugeln geformt wird oder in einem Method Feeder. Der Geschmack des K\u00f6ders ist salzig und hat ein zartes Karamellaroma. Er enth\u00e4lt eine vollst\u00e4ndige Mischung und ben\u00f6tigt keine Zus\u00e4tze.<\/p>\n<p>Das richtige Einweichen des K\u00f6ders erfolgt im Verh\u00e4ltnis 3 Teile K\u00f6der zu 1 Teil Wasser. Nach dem Vermischen l\u00e4sst man den K\u00f6der 20 Minuten lang stehen und reibt ihn dann zweimal durch ein Sieb. F\u00fcr eine dezentere Arbeitsweise einfach etwas mehr anfeuchten.<\/p>\n","protected":false},"featured_media":2770,"template":"","meta":[],"product_cat":[119],"product_tag":[],"class_list":{"0":"post-2757","1":"product","2":"type-product","3":"status-publish","4":"has-post-thumbnail","6":"product_cat-klassischer-feeder-float","7":"has-post-title","8":"has-post-date","9":"has-post-category","10":"has-post-tag","11":"has-post-comment","12":"has-post-author","13":"","15":"first","16":"instock","17":"featured","18":"shipping-taxable","19":"purchasable","20":"product-type-simple"},"builder_content":"","_links":{"self":[{"href":"https:\/\/upfish.cz\/de\/wp-json\/wp\/v2\/product\/2757","targetHints":{"allow":["GET"]}}],"collection":[{"href":"https:\/\/upfish.cz\/de\/wp-json\/wp\/v2\/product"}],"about":[{"href":"https:\/\/upfish.cz\/de\/wp-json\/wp\/v2\/types\/product"}],"wp:featuredmedia":[{"embeddable":true,"href":"https:\/\/upfish.cz\/de\/wp-json\/wp\/v2\/media\/2770"}],"wp:attachment":[{"href":"https:\/\/upfish.cz\/de\/wp-json\/wp\/v2\/media?parent=2757"}],"wp:term":[{"taxonomy":"product_cat","embeddable":true,"href":"https:\/\/upfish.cz\/de\/wp-json\/wp\/v2\/product_cat?post=2757"},{"taxonomy":"product_tag","embeddable":true,"href":"https:\/\/upfish.cz\/de\/wp-json\/wp\/v2\/product_tag?post=2757"}],"curies":[{"name":"wp","href":"https:\/\/api.w.org\/{rel}","templated":true}]}}