{"id":2637,"date":"2024-03-01T20:31:31","date_gmt":"2024-03-01T19:31:31","guid":{"rendered":"https:\/\/upfish.cz\/?post_type=product&#038;p=2637"},"modified":"2024-03-03T12:49:56","modified_gmt":"2024-03-03T11:49:56","slug":"camo-trucker-cap-white","status":"publish","type":"product","link":"https:\/\/upfish.cz\/de\/produkt\/camo-trucker-cap-white\/","title":{"rendered":"Camo trucker cap"},"content":{"rendered":"<!--themify_builder_content-->\n<div id=\"themify_builder_content-2637\" data-postid=\"2637\" class=\"themify_builder_content themify_builder_content-2637 themify_builder tf_clear\">\n    <\/div>\n<!--\/themify_builder_content-->\n","protected":false},"excerpt":{"rendered":"<p>L\u00e4ssig in jeder Hinsicht: Die Camo Trucker Cap kommt in klassischer Form mit durchgehender, verst\u00e4rkter Front und luftiger Mesh-R\u00fcckseite. Der Camouflage-Print im leichten Used-Look rundet das l\u00e4ssige Design ab und macht die stylische Kappe schnell zu deinem neuen Lieblingsaccessoire.<\/p>\n<p><strong>Typ:<\/strong> Snapback<br \/>\n<strong>Werkstoffe:<\/strong> 98% Baumwolle \/ 2% Elastan, Mesh: 100% Polyester<br \/>\n<strong>Gr\u00f6\u00dfe:<\/strong> eine Gr\u00f6\u00dfe<br \/>\n<strong>Visier: <\/strong>gebogenes<br \/>\n<strong>Farbe:<\/strong> Wood Camo schwarz \/ weiss<\/p>\n","protected":false},"featured_media":1922,"template":"","meta":[],"product_cat":[119,120],"product_tag":[],"class_list":{"0":"post-2637","1":"product","2":"type-product","3":"status-publish","4":"has-post-thumbnail","6":"product_cat-klassischer-feeder-float","7":"product_cat-method-feeder-de","8":"has-post-title","9":"has-post-date","10":"has-post-category","11":"has-post-tag","12":"has-post-comment","13":"has-post-author","14":"","16":"first","17":"instock","18":"featured","19":"shipping-taxable","20":"purchasable","21":"product-type-simple"},"builder_content":"","_links":{"self":[{"href":"https:\/\/upfish.cz\/de\/wp-json\/wp\/v2\/product\/2637","targetHints":{"allow":["GET"]}}],"collection":[{"href":"https:\/\/upfish.cz\/de\/wp-json\/wp\/v2\/product"}],"about":[{"href":"https:\/\/upfish.cz\/de\/wp-json\/wp\/v2\/types\/product"}],"wp:featuredmedia":[{"embeddable":true,"href":"https:\/\/upfish.cz\/de\/wp-json\/wp\/v2\/media\/1922"}],"wp:attachment":[{"href":"https:\/\/upfish.cz\/de\/wp-json\/wp\/v2\/media?parent=2637"}],"wp:term":[{"taxonomy":"product_cat","embeddable":true,"href":"https:\/\/upfish.cz\/de\/wp-json\/wp\/v2\/product_cat?post=2637"},{"taxonomy":"product_tag","embeddable":true,"href":"https:\/\/upfish.cz\/de\/wp-json\/wp\/v2\/product_tag?post=2637"}],"curies":[{"name":"wp","href":"https:\/\/api.w.org\/{rel}","templated":true}]}}