{"id":2607,"date":"2024-01-23T12:35:28","date_gmt":"2024-01-23T11:35:28","guid":{"rendered":"https:\/\/upfish.cz\/produkt\/retro-trucker-cap\/"},"modified":"2024-03-03T16:40:44","modified_gmt":"2024-03-03T15:40:44","slug":"retro-trucker-cap-white","status":"publish","type":"product","link":"https:\/\/upfish.cz\/de\/produkt\/retro-trucker-cap-white\/","title":{"rendered":"Retro trucker cap"},"content":{"rendered":"<!--themify_builder_content-->\n<div id=\"themify_builder_content-2607\" data-postid=\"2607\" class=\"themify_builder_content themify_builder_content-2607 themify_builder tf_clear\">\n    <\/div>\n<!--\/themify_builder_content-->\n","protected":false},"excerpt":{"rendered":"<p>Trucker-Cap mit hochwertigen Netzeins\u00e4tzen f\u00fcr Atmungsaktivit\u00e4t. Strukturierte Truckerm\u00fctze mit 6 Paneelen und passendem Untervisier. Gesch\u00e4tzt seit 1974.<\/p>\n<p><strong>Typ:<\/strong> Snapback<br \/>\n<strong>Werkstoffe: <\/strong>65% Polyester \/ 35% Baumwolle<br \/>\n<strong>Gr\u00f6\u00dfe:<\/strong> eine Gr\u00f6\u00dfe<br \/>\n<strong>Paneele:<\/strong> 6<br \/>\n<strong>Visier:<\/strong> Permacurv\u00ae<br \/>\n<strong>Farbe: <\/strong>schwarz \/ weiss<\/p>\n","protected":false},"featured_media":2097,"template":"","meta":[],"product_cat":[119,120],"product_tag":[],"class_list":{"0":"post-2607","1":"product","2":"type-product","3":"status-publish","4":"has-post-thumbnail","6":"product_cat-klassischer-feeder-float","7":"product_cat-method-feeder-de","8":"has-post-title","9":"has-post-date","10":"has-post-category","11":"has-post-tag","12":"has-post-comment","13":"has-post-author","14":"","16":"first","17":"instock","18":"shipping-taxable","19":"purchasable","20":"product-type-simple"},"builder_content":"","_links":{"self":[{"href":"https:\/\/upfish.cz\/de\/wp-json\/wp\/v2\/product\/2607","targetHints":{"allow":["GET"]}}],"collection":[{"href":"https:\/\/upfish.cz\/de\/wp-json\/wp\/v2\/product"}],"about":[{"href":"https:\/\/upfish.cz\/de\/wp-json\/wp\/v2\/types\/product"}],"wp:featuredmedia":[{"embeddable":true,"href":"https:\/\/upfish.cz\/de\/wp-json\/wp\/v2\/media\/2097"}],"wp:attachment":[{"href":"https:\/\/upfish.cz\/de\/wp-json\/wp\/v2\/media?parent=2607"}],"wp:term":[{"taxonomy":"product_cat","embeddable":true,"href":"https:\/\/upfish.cz\/de\/wp-json\/wp\/v2\/product_cat?post=2607"},{"taxonomy":"product_tag","embeddable":true,"href":"https:\/\/upfish.cz\/de\/wp-json\/wp\/v2\/product_tag?post=2607"}],"curies":[{"name":"wp","href":"https:\/\/api.w.org\/{rel}","templated":true}]}}