{"id":2560,"date":"2024-02-27T14:28:50","date_gmt":"2024-02-27T13:28:50","guid":{"rendered":"https:\/\/upfish.cz\/produkt\/up-fish-expert-1\/"},"modified":"2024-03-01T08:16:45","modified_gmt":"2024-03-01T07:16:45","slug":"method-mix-expert-1","status":"publish","type":"product","link":"https:\/\/upfish.cz\/de\/produkt\/method-mix-expert-1\/","title":{"rendered":"Method Mix Expert 1"},"content":{"rendered":"<!--themify_builder_content-->\n<div id=\"themify_builder_content-2560\" data-postid=\"2560\" class=\"themify_builder_content themify_builder_content-2560 themify_builder tf_clear\">\n    <\/div>\n<!--\/themify_builder_content-->\n","protected":false},"excerpt":{"rendered":"<p>Ein sicherer brauner Grundk\u00f6der mit Fischgeruch, der f\u00fcr Method Feeder entwickelt wurde. Er hat eine sehr feine Fraktion und zeichnet sich durch eine schnelle Arbeitsweise aus. Seine Konsistenz, nach entsprechender Befeuchtung, nimmt die Form eines fast &#8220;trockenen&#8221; Grundk\u00f6ders an, er l\u00e4sst sich sehr gut formen und ist so konzipiert, dass er sofort in den Feeder gestreut werden kann oder unser K\u00f6derfeld buchst\u00e4blich &#8220;markieren&#8221; kann. Im Fr\u00fchjahr oder in Zeiten geringer Fischf\u00fctterung ist es sehr effektiv, nur den Grundk\u00f6der, einen kleinen Haken (Gr\u00f6\u00dfe 12 oder 14) und einen kleinen K\u00f6der (Gr\u00f6\u00dfe etwa 6 mm) zu verwenden. Er zieht die Fische sehr schnell an und hinterl\u00e4sst eine Wolke in unserem K\u00f6derfeld. W\u00e4hrend der Saison kann er auch erfolgreich mit kleinen Pellets im Futter verwendet werden. Er eignet sich am besten f\u00fcr Gew\u00e4sser bis zu einer Tiefe von max. 2m.<\/p>\n<p>Das richtige Einweichen des K\u00f6ders erfolgt im Verh\u00e4ltnis 3 Teile K\u00f6der zu 1 Teil Wasser. Nach dem Vermischen l\u00e4sst man den K\u00f6der 20 Minuten lang stehen und reibt ihn dann zweimal durch ein Sieb.<\/p>\n","protected":false},"featured_media":2348,"template":"","meta":[],"product_cat":[120],"product_tag":[],"class_list":{"0":"post-2560","1":"product","2":"type-product","3":"status-publish","4":"has-post-thumbnail","6":"product_cat-method-feeder-de","7":"has-post-title","8":"has-post-date","9":"has-post-category","10":"has-post-tag","11":"has-post-comment","12":"has-post-author","13":"","15":"first","16":"instock","17":"shipping-taxable","18":"purchasable","19":"product-type-simple"},"builder_content":"","_links":{"self":[{"href":"https:\/\/upfish.cz\/de\/wp-json\/wp\/v2\/product\/2560","targetHints":{"allow":["GET"]}}],"collection":[{"href":"https:\/\/upfish.cz\/de\/wp-json\/wp\/v2\/product"}],"about":[{"href":"https:\/\/upfish.cz\/de\/wp-json\/wp\/v2\/types\/product"}],"wp:featuredmedia":[{"embeddable":true,"href":"https:\/\/upfish.cz\/de\/wp-json\/wp\/v2\/media\/2348"}],"wp:attachment":[{"href":"https:\/\/upfish.cz\/de\/wp-json\/wp\/v2\/media?parent=2560"}],"wp:term":[{"taxonomy":"product_cat","embeddable":true,"href":"https:\/\/upfish.cz\/de\/wp-json\/wp\/v2\/product_cat?post=2560"},{"taxonomy":"product_tag","embeddable":true,"href":"https:\/\/upfish.cz\/de\/wp-json\/wp\/v2\/product_tag?post=2560"}],"curies":[{"name":"wp","href":"https:\/\/api.w.org\/{rel}","templated":true}]}}