{"id":3428,"date":"2026-02-23T07:17:31","date_gmt":"2026-02-23T06:17:31","guid":{"rendered":"https:\/\/upfish.cz\/?post_type=product&#038;p=3428"},"modified":"2026-02-23T07:24:32","modified_gmt":"2026-02-23T06:24:32","slug":"pellet-venom","status":"publish","type":"product","link":"https:\/\/upfish.cz\/cs\/produkt\/pellet-venom\/","title":{"rendered":"PELLET VENOM"},"content":{"rendered":"<!--themify_builder_content-->\n<div id=\"themify_builder_content-3428\" data-postid=\"3428\" class=\"themify_builder_content themify_builder_content-3428 themify_builder tf_clear\">\n    <\/div>\n<!--\/themify_builder_content-->\n","protected":false},"excerpt":{"rendered":"<p data-start=\"0\" data-end=\"300\"><strong data-start=\"0\" data-end=\"20\">Pellet VENOM 3mm<\/strong> je siln\u00e1, selektivn\u00ed volba pro ryb\u00e1\u0159e, kte\u0159\u00ed c\u00edl\u00ed na v\u011bt\u0161\u00ed ryby a cht\u011bj\u00ed budovat lovn\u00e9 m\u00edsto pomoc\u00ed hodnotn\u00e9, b\u00edlkovinami bohat\u00e9 potravy. V\u011bt\u0161\u00ed frakce pelet p\u0159irozen\u011b omezuje drobn\u00e9 ryby a umo\u017e\u0148uje soust\u0159edit se na kapry a v\u011bt\u0161\u00ed jedince, kte\u0159\u00ed p\u0159ij\u00edmaj\u00ed potravu jist\u011b a rozhodn\u011b.<\/p>\n<p data-start=\"302\" data-end=\"567\">VENOM je pellet s velmi vysok\u00fdm obsahem b\u00edlkovin \u2013 v\u00edce ne\u017e 45 %, d\u00edky \u010demu\u017e p\u0159edstavuje tu\u010dn\u00e9, ryb\u00ed krmivo, kter\u00e9 udr\u017e\u00ed ryby v krmn\u00e9m m\u00edst\u011b po del\u0161\u00ed dobu. Intenzivn\u00ed, p\u0159irozen\u00e1 ryb\u00ed v\u016fn\u011b zaji\u0161\u0165uje skv\u011blou \u00fa\u010dinnost na rev\u00edrech vy\u017eaduj\u00edc\u00edch siln\u011bj\u0161\u00ed potravn\u00ed stimul.<\/p>\n<p data-start=\"569\" data-end=\"825\">Jedn\u00e1 se o dal\u0161\u00ed verzi legend\u00e1rn\u00ed \u0159ady VENOM, kter\u00e1 navazuje tak\u00e9 na charakteristick\u00e9 barvy wafters z t\u00e9to s\u00e9rie. V tmav\u00e9m, t\u00e9m\u011b\u0159 \u010dern\u00e9m peletu se nach\u00e1zej\u00ed \u017elut\u00e9 \u010d\u00e1ste\u010dky, kter\u00e9 zvy\u0161uj\u00ed vizu\u00e1ln\u00ed atraktivitu sm\u011bsi a vytv\u00e1\u0159ej\u00ed ve vod\u011b velmi p\u0159irozen\u00fd efekt.<\/p>\n<p data-start=\"827\" data-end=\"1095\">V l\u00e9t\u011b se Pellet VENOM 3mm v\u00fdborn\u011b osv\u011bd\u010duje samostatn\u011b, bez p\u0159\u00eddavku krmn\u00e9 sm\u011bsi \u2013 jako \u010dist\u00fd, v\u00fd\u017eivn\u00fd z\u00e1klad pro method feeder. Na ja\u0159e a na podzim jej lze obohatit mal\u00fdm mno\u017estv\u00edm krmn\u00e9 sm\u011bsi, aby se urychlila jeho pr\u00e1ce a sm\u011bs se l\u00e9pe p\u0159izp\u016fsobila chladn\u011bj\u0161\u00ed vod\u011b.<\/p>\n<p data-start=\"1097\" data-end=\"1173\">Baleno v praktick\u00e9m 800g obalu \u2013 snadno otev\u00edrateln\u00e9m a znovu uzav\u00edrateln\u00e9m.<\/p>\n<p data-start=\"1175\" data-end=\"1460\" data-is-last-node=\"\" data-is-only-node=\"\"><strong data-start=\"1175\" data-end=\"1188\">Velikost:<\/strong> 3 mm<br data-start=\"1193\" data-end=\"1196\" \/><strong data-start=\"1196\" data-end=\"1215\">Obsah b\u00edlkovin:<\/strong> +45 %<br data-start=\"1221\" data-end=\"1224\" \/><strong data-start=\"1224\" data-end=\"1234\">Aroma:<\/strong> ryb\u00ed, tu\u010dn\u00e9, p\u0159\u00edrodn\u00ed<br data-start=\"1256\" data-end=\"1259\" data-is-only-node=\"\" \/><strong data-start=\"1259\" data-end=\"1269\">Barva:<\/strong> tmav\u00fd pellet se \u017elut\u00fdmi \u010d\u00e1ste\u010dkami<br data-start=\"1304\" data-end=\"1307\" \/><strong data-start=\"1307\" data-end=\"1318\">Balen\u00ed:<\/strong> 800 g, znovu uzav\u00edrateln\u00e9<br data-start=\"1344\" data-end=\"1347\" \/><strong data-start=\"1347\" data-end=\"1359\">Pou\u017eit\u00ed:<\/strong> selekce v\u011bt\u0161\u00edch ryb, method feeder; v l\u00e9t\u011b jako z\u00e1klad, na ja\u0159e\/podzim s mal\u00fdm p\u0159\u00eddavkem krmn\u00e9 sm\u011bsi<\/p>\n","protected":false},"featured_media":3432,"template":"","meta":[],"product_cat":[118],"product_tag":[],"class_list":{"0":"post-3428","1":"product","2":"type-product","3":"status-publish","4":"has-post-thumbnail","6":"product_cat-method-feeder-cs","7":"has-post-title","8":"has-post-date","9":"has-post-category","10":"has-post-tag","11":"has-post-comment","12":"has-post-author","13":"","15":"first","16":"instock","17":"featured","18":"shipping-taxable","19":"purchasable","20":"product-type-simple"},"builder_content":"","_links":{"self":[{"href":"https:\/\/upfish.cz\/cs\/wp-json\/wp\/v2\/product\/3428","targetHints":{"allow":["GET"]}}],"collection":[{"href":"https:\/\/upfish.cz\/cs\/wp-json\/wp\/v2\/product"}],"about":[{"href":"https:\/\/upfish.cz\/cs\/wp-json\/wp\/v2\/types\/product"}],"wp:featuredmedia":[{"embeddable":true,"href":"https:\/\/upfish.cz\/cs\/wp-json\/wp\/v2\/media\/3432"}],"wp:attachment":[{"href":"https:\/\/upfish.cz\/cs\/wp-json\/wp\/v2\/media?parent=3428"}],"wp:term":[{"taxonomy":"product_cat","embeddable":true,"href":"https:\/\/upfish.cz\/cs\/wp-json\/wp\/v2\/product_cat?post=3428"},{"taxonomy":"product_tag","embeddable":true,"href":"https:\/\/upfish.cz\/cs\/wp-json\/wp\/v2\/product_tag?post=3428"}],"curies":[{"name":"wp","href":"https:\/\/api.w.org\/{rel}","templated":true}]}}