{"id":3238,"date":"2025-01-16T19:53:17","date_gmt":"2025-01-16T18:53:17","guid":{"rendered":"https:\/\/upfish.cz\/?post_type=product&#038;p=3238"},"modified":"2025-01-16T19:55:44","modified_gmt":"2025-01-16T18:55:44","slug":"longsleeve-fishing-hoodie-classic-green","status":"publish","type":"product","link":"https:\/\/upfish.cz\/cs\/produkt\/longsleeve-fishing-hoodie-classic-green\/","title":{"rendered":"Longsleeve fishing hoodie"},"content":{"rendered":"<!--themify_builder_content-->\n<div id=\"themify_builder_content-3238\" data-postid=\"3238\" class=\"themify_builder_content themify_builder_content-3238 themify_builder tf_clear\">\n    <\/div>\n<!--\/themify_builder_content-->\n","protected":false},"excerpt":{"rendered":"<p>Ryb\u00e1\u0159sk\u00e1 mikina s kapuc\u00ed, UV filtrem a protikom\u00e1rovou \u00fapravou. Tato ryb\u00e1\u0159sk\u00e1 mikina je vyrobena ze 100% polyesterov\u00e9 tkaniny se speci\u00e1ln\u00ed \u00fapravou proti kom\u00e1r\u016fm, ochranou SPF50 a \u00fapravou AG ionty aplikovanou na tkaninu. \u00da\u010dinek \u201ekom\u00e1\u0159\u00edho\u201c v\u00fdrobku spo\u010d\u00edv\u00e1 ve v\u00fdrazn\u00e9m sn\u00ed\u017een\u00ed po\u010dtu kom\u00e1\u0159\u00edch \u0161t\u00edpanc\u016f a p\u0159ist\u00e1n\u00ed na povrchu v\u00fdrobku. UV \u00faprava umo\u017e\u0148uje v\u00fdrazn\u011b prodlou\u017eit dobu pobytu na slunci ochranou proti sp\u00e1len\u00ed, zat\u00edmco AG iontov\u00e1 \u00faprava zabra\u0148uje mno\u017een\u00ed bakteri\u00ed vytvo\u0159en\u00edm tzv. hygienick\u00e9 \u00fapravy.<\/p>\n<p><strong>Typ:<\/strong> Longsleeve Fishing Hoodie<br \/>\n<strong>Materi\u00e1l:<\/strong> 100% polyester<br \/>\n<strong>Velikosti:<\/strong> S,M,L,XL,XXL,XXXL<br \/>\n<strong>Barva:<\/strong> zelen\u00e1<br \/>\n<strong>Model:<\/strong> Classic green<\/p>\n<p><strong>Dal\u0161\u00ed informace:<\/strong> pran\u00ed na max. 40 stup\u0148\u016f \/ odst\u0159e\u010fov\u00e1n\u00ed na max. 800 ot\u00e1\u010dek za minutu \/ ne\u017eehlit \/ nesu\u0161it v bubnov\u00e9 su\u0161i\u010dce \/ nejl\u00e9pe su\u0161it naplocho nebo na ram\u00ednku<\/p>\n","protected":false},"featured_media":3213,"template":"","meta":[],"product_cat":[117,118],"product_tag":[],"class_list":{"0":"post-3238","1":"product","2":"type-product","3":"status-publish","4":"has-post-thumbnail","6":"product_cat-klasicke-feeder-plovak","7":"product_cat-method-feeder-cs","8":"has-post-title","9":"has-post-date","10":"has-post-category","11":"has-post-tag","12":"has-post-comment","13":"has-post-author","14":"","16":"first","17":"instock","18":"shipping-taxable","19":"purchasable","20":"product-type-simple"},"builder_content":"","_links":{"self":[{"href":"https:\/\/upfish.cz\/cs\/wp-json\/wp\/v2\/product\/3238","targetHints":{"allow":["GET"]}}],"collection":[{"href":"https:\/\/upfish.cz\/cs\/wp-json\/wp\/v2\/product"}],"about":[{"href":"https:\/\/upfish.cz\/cs\/wp-json\/wp\/v2\/types\/product"}],"wp:featuredmedia":[{"embeddable":true,"href":"https:\/\/upfish.cz\/cs\/wp-json\/wp\/v2\/media\/3213"}],"wp:attachment":[{"href":"https:\/\/upfish.cz\/cs\/wp-json\/wp\/v2\/media?parent=3238"}],"wp:term":[{"taxonomy":"product_cat","embeddable":true,"href":"https:\/\/upfish.cz\/cs\/wp-json\/wp\/v2\/product_cat?post=3238"},{"taxonomy":"product_tag","embeddable":true,"href":"https:\/\/upfish.cz\/cs\/wp-json\/wp\/v2\/product_tag?post=3238"}],"curies":[{"name":"wp","href":"https:\/\/api.w.org\/{rel}","templated":true}]}}