{"id":3097,"date":"2024-08-12T19:22:39","date_gmt":"2024-08-12T17:22:39","guid":{"rendered":"https:\/\/upfish.cz\/?post_type=product&#038;p=3097"},"modified":"2025-06-23T20:58:46","modified_gmt":"2025-06-23T18:58:46","slug":"venom-booster","status":"publish","type":"product","link":"https:\/\/upfish.cz\/cs\/produkt\/venom-booster\/","title":{"rendered":"VENOM BOOSTER"},"content":{"rendered":"<!--themify_builder_content-->\n<div id=\"themify_builder_content-3097\" data-postid=\"3097\" class=\"themify_builder_content themify_builder_content-3097 themify_builder tf_clear\">\n    <\/div>\n<!--\/themify_builder_content-->\n","protected":false},"excerpt":{"rendered":"<p>Venom Booster &#8211; Temn\u00fd a v\u00fdkonn\u00fd booster pro ryba\u0159en\u00ed<\/p>\n<p>Vydejte se na temnou stranu rybolovu s posilova\u010dem Venom Booster, kter\u00fd je stejn\u011b intenzivn\u00ed a nep\u0159edv\u00eddateln\u00fd jako jeho filmov\u00fd prot\u011bj\u0161ek. Venom Booster je ve sv\u011bt\u011b ryb\u00e1\u0159sk\u00fdch n\u00e1strah skute\u010dnou silou, kter\u00e1 se vyzna\u010duje extr\u00e9mn\u011b siln\u00fdm, pronikav\u00fdm aroma, je\u017e okam\u017eit\u011b p\u0159itahuje ryby.<\/p>\n<p>Slo\u017een\u00ed v\u00fdrobku Venom Booster je zalo\u017eeno na sladidle NHDC, kter\u00e9 zvy\u0161uje intenzitu v\u016fn\u011b, tak\u017ee je vn\u00edmateln\u00e1 na velkou vzd\u00e1lenost a \u00fa\u010dinn\u011b p\u0159itahuje ryby do m\u00edsta n\u00e1strahy. V\u016fn\u011b, kter\u00e1 se m\u016f\u017ee zd\u00e1t lidem nep\u0159\u00edjemn\u00e1, je v\u0161ak pro ryby nesm\u00edrn\u011b p\u0159ita\u017eliv\u00e1, tak\u017ee Venom Booster je mimo\u0159\u00e1dn\u011b \u00fa\u010dinn\u00fdm n\u00e1strojem v obt\u00ed\u017en\u00fdch ryb\u00e1\u0159sk\u00fdch podm\u00ednk\u00e1ch.<\/p>\n<p>Venom Booster nejen intenzivn\u011b vypad\u00e1 a von\u00ed, ale p\u016fsob\u00ed tak\u00e9 jako SYMBIOT &#8211; kombinace r\u016fzn\u00fdch druh\u016f n\u00e1vnad, jako jsou pelety, zrna nebo vnadidla co\u017e zvy\u0161uje jeho p\u0159irozenou atraktivitu a \u010din\u00ed ho pro ryby neodolateln\u00fdm.<\/p>\n<p>Pokud hled\u00e1te booster, kter\u00fd nejen zv\u00fd\u0161\u00ed va\u0161e \u0161ance na \u00fasp\u011b\u0161n\u00fd \u00falovek, ale tak\u00e9 dod\u00e1 va\u0161im n\u00e1vnad\u00e1m zvl\u00e1\u0161tn\u00ed temn\u00fd charakter, je pro v\u00e1s Venom Booster tou spr\u00e1vnou volbou. Rozhodn\u011bte se pro Venom a poc\u00edt\u00edte s\u00edlu temn\u00e9 str\u00e1nky ryba\u0159en\u00ed.<\/p>\n\n","protected":false},"featured_media":3101,"template":"","meta":[],"product_cat":[118],"product_tag":[],"class_list":{"0":"post-3097","1":"product","2":"type-product","3":"status-publish","4":"has-post-thumbnail","6":"product_cat-method-feeder-cs","7":"has-post-title","8":"has-post-date","9":"has-post-category","10":"has-post-tag","11":"has-post-comment","12":"has-post-author","13":"","15":"first","16":"instock","17":"shipping-taxable","18":"purchasable","19":"product-type-simple"},"builder_content":"","_links":{"self":[{"href":"https:\/\/upfish.cz\/cs\/wp-json\/wp\/v2\/product\/3097","targetHints":{"allow":["GET"]}}],"collection":[{"href":"https:\/\/upfish.cz\/cs\/wp-json\/wp\/v2\/product"}],"about":[{"href":"https:\/\/upfish.cz\/cs\/wp-json\/wp\/v2\/types\/product"}],"wp:featuredmedia":[{"embeddable":true,"href":"https:\/\/upfish.cz\/cs\/wp-json\/wp\/v2\/media\/3101"}],"wp:attachment":[{"href":"https:\/\/upfish.cz\/cs\/wp-json\/wp\/v2\/media?parent=3097"}],"wp:term":[{"taxonomy":"product_cat","embeddable":true,"href":"https:\/\/upfish.cz\/cs\/wp-json\/wp\/v2\/product_cat?post=3097"},{"taxonomy":"product_tag","embeddable":true,"href":"https:\/\/upfish.cz\/cs\/wp-json\/wp\/v2\/product_tag?post=3097"}],"curies":[{"name":"wp","href":"https:\/\/api.w.org\/{rel}","templated":true}]}}