{"id":2881,"date":"2024-04-17T20:06:54","date_gmt":"2024-04-17T18:06:54","guid":{"rendered":"https:\/\/upfish.cz\/?post_type=product&#038;p=2881"},"modified":"2024-04-17T20:07:44","modified_gmt":"2024-04-17T18:07:44","slug":"wafters-classic-garlic-small","status":"publish","type":"product","link":"https:\/\/upfish.cz\/cs\/produkt\/wafters-classic-garlic-small\/","title":{"rendered":"Wafters classic garlic small"},"content":{"rendered":"<!--themify_builder_content-->\n<div id=\"themify_builder_content-2881\" data-postid=\"2881\" class=\"themify_builder_content themify_builder_content-2881 themify_builder tf_clear\">\n    <\/div>\n<!--\/themify_builder_content-->\n","protected":false},"excerpt":{"rendered":"<p>\u010cesnekov\u00e9, intenzivn\u011b von\u00edc\u00ed n\u00e1strahy ve dvou odst\u00ednech r\u016f\u017eov\u00e9. V\u00fdrazn\u00e1 a intenzivn\u00ed \u010desnekov\u00e1 v\u016fn\u011b je ur\u010dena do &#8220;obt\u00ed\u017en\u00fdch&#8221;, &#8220;\u0161pinav\u00fdch&#8221; vod a je ide\u00e1ln\u00ed pro lov jeseter\u016f, velk\u00fdch kapr\u016f a pro podzimn\u00ed obdob\u00ed, kdy se za\u010d\u00ednaj\u00ed krmit v\u011bt\u0161\u00ed exempl\u00e1\u0159e. Nejlep\u0161\u00ed prezentace wafters\u016f dos\u00e1hnete, kdy\u017e je namontujete na bajonet.<\/p>\n<p><strong>Velikosti:<\/strong> 6 mm a 12 mm<br \/>\n<strong>Velikost balen\u00ed:<\/strong> 50 ml<br \/>\n<strong>V\u016fn\u011b:<\/strong> intenzivn\u00ed, \u010desnekov\u00e1<br \/>\n<strong>Barva:<\/strong> intenzivn\u00ed, sv\u011btle r\u016f\u017eov\u00e1<br \/>\n<strong>Pou\u017eit\u00ed:<\/strong> celoro\u010dn\u00ed n\u00e1strahy se zam\u011b\u0159en\u00edm na &#8220;obt\u00ed\u017en\u00fd&#8221; lov<\/p>\n","protected":false},"featured_media":2868,"template":"","meta":[],"product_cat":[118],"product_tag":[],"class_list":{"0":"post-2881","1":"product","2":"type-product","3":"status-publish","4":"has-post-thumbnail","6":"product_cat-method-feeder-cs","7":"has-post-title","8":"has-post-date","9":"has-post-category","10":"has-post-tag","11":"has-post-comment","12":"has-post-author","13":"","15":"first","16":"instock","17":"shipping-taxable","18":"purchasable","19":"product-type-simple"},"builder_content":"","_links":{"self":[{"href":"https:\/\/upfish.cz\/cs\/wp-json\/wp\/v2\/product\/2881","targetHints":{"allow":["GET"]}}],"collection":[{"href":"https:\/\/upfish.cz\/cs\/wp-json\/wp\/v2\/product"}],"about":[{"href":"https:\/\/upfish.cz\/cs\/wp-json\/wp\/v2\/types\/product"}],"wp:featuredmedia":[{"embeddable":true,"href":"https:\/\/upfish.cz\/cs\/wp-json\/wp\/v2\/media\/2868"}],"wp:attachment":[{"href":"https:\/\/upfish.cz\/cs\/wp-json\/wp\/v2\/media?parent=2881"}],"wp:term":[{"taxonomy":"product_cat","embeddable":true,"href":"https:\/\/upfish.cz\/cs\/wp-json\/wp\/v2\/product_cat?post=2881"},{"taxonomy":"product_tag","embeddable":true,"href":"https:\/\/upfish.cz\/cs\/wp-json\/wp\/v2\/product_tag?post=2881"}],"curies":[{"name":"wp","href":"https:\/\/api.w.org\/{rel}","templated":true}]}}