{"id":2774,"date":"2024-03-12T13:26:09","date_gmt":"2024-03-12T12:26:09","guid":{"rendered":"https:\/\/upfish.cz\/?post_type=product&#038;p=2774"},"modified":"2024-03-12T13:29:27","modified_gmt":"2024-03-12T12:29:27","slug":"navnada-perfect-black","status":"publish","type":"product","link":"https:\/\/upfish.cz\/cs\/produkt\/navnada-perfect-black\/","title":{"rendered":"N\u00e1vnada Perfect Black"},"content":{"rendered":"<!--themify_builder_content-->\n<div id=\"themify_builder_content-2774\" data-postid=\"2774\" class=\"themify_builder_content themify_builder_content-2774 themify_builder tf_clear\">\n    <\/div>\n<!--\/themify_builder_content-->\n","protected":false},"excerpt":{"rendered":"<p>N\u00e1straha je ur\u010dena pro klasick\u00fd feeder, spl\u00e1vek, ale lze ji pou\u017e\u00edt i na method feeder. M\u00e1 tmavou barvu, jemnou frakci a velmi dob\u0159e se s n\u00edm pracuje po formov\u00e1n\u00ed kuli\u010dek a dokonce i v method feeder. N\u00e1straha chutn\u00e1 slan\u011b a m\u00e1 intenzivn\u00ed karamelov\u00e9 aroma, jedn\u00e1 se o kompletn\u00ed sm\u011bs a nevy\u017eaduje \u017e\u00e1dn\u00e9 p\u0159\u00edsady.<\/p>\n<p>Odpov\u011bdn\u011b namo\u010denou n\u00e1vnadu tvo\u0159\u00ed 3 d\u00edly n\u00e1vnady na 1 d\u00edl vody. Po prom\u00edch\u00e1n\u00ed je t\u0159eba n\u00e1vnadu odlo\u017eit na 20 minut stranou a pot\u00e9 dvakr\u00e1t prot\u0159\u00edt p\u0159es s\u00edtko, abychom z\u00edskali t\u00e9m\u011b\u0159 suchou sm\u011bs, kter\u00e1 je ide\u00e1ln\u00ed pro sm\u00edch\u00e1n\u00ed s hl\u00ednou pop\u0159. ra\u0161elinovou p\u016fdou. Chcete-li z\u00edskat slad\u011bn\u011bj\u0161\u00ed &#8220;d\u00edlo&#8221;, sta\u010d\u00ed jej p\u0159ed p\u0159id\u00e1n\u00edm do hl\u00edny nebo p\u016fdy m\u00edrn\u011b navlh\u010dit.<\/p>\n","protected":false},"featured_media":2786,"template":"","meta":[],"product_cat":[117],"product_tag":[],"class_list":{"0":"post-2774","1":"product","2":"type-product","3":"status-publish","4":"has-post-thumbnail","6":"product_cat-klasicke-feeder-plovak","7":"has-post-title","8":"has-post-date","9":"has-post-category","10":"has-post-tag","11":"has-post-comment","12":"has-post-author","13":"","15":"first","16":"instock","17":"featured","18":"shipping-taxable","19":"purchasable","20":"product-type-simple"},"builder_content":"","_links":{"self":[{"href":"https:\/\/upfish.cz\/cs\/wp-json\/wp\/v2\/product\/2774","targetHints":{"allow":["GET"]}}],"collection":[{"href":"https:\/\/upfish.cz\/cs\/wp-json\/wp\/v2\/product"}],"about":[{"href":"https:\/\/upfish.cz\/cs\/wp-json\/wp\/v2\/types\/product"}],"wp:featuredmedia":[{"embeddable":true,"href":"https:\/\/upfish.cz\/cs\/wp-json\/wp\/v2\/media\/2786"}],"wp:attachment":[{"href":"https:\/\/upfish.cz\/cs\/wp-json\/wp\/v2\/media?parent=2774"}],"wp:term":[{"taxonomy":"product_cat","embeddable":true,"href":"https:\/\/upfish.cz\/cs\/wp-json\/wp\/v2\/product_cat?post=2774"},{"taxonomy":"product_tag","embeddable":true,"href":"https:\/\/upfish.cz\/cs\/wp-json\/wp\/v2\/product_tag?post=2774"}],"curies":[{"name":"wp","href":"https:\/\/api.w.org\/{rel}","templated":true}]}}