{"id":2679,"date":"2024-03-03T16:44:52","date_gmt":"2024-03-03T15:44:52","guid":{"rendered":"https:\/\/upfish.cz\/?post_type=product&#038;p=2679"},"modified":"2024-03-03T16:46:54","modified_gmt":"2024-03-03T15:46:54","slug":"curved-classic-snapback-black-white","status":"publish","type":"product","link":"https:\/\/upfish.cz\/cs\/produkt\/curved-classic-snapback-black-white\/","title":{"rendered":"Curved classic snapback"},"content":{"rendered":"<!--themify_builder_content-->\n<div id=\"themify_builder_content-2679\" data-postid=\"2679\" class=\"themify_builder_content themify_builder_content-2679 themify_builder tf_clear\">\n    <\/div>\n<!--\/themify_builder_content-->\n","protected":false},"excerpt":{"rendered":"<p>Klasick\u00e1 verze &#8211; zak\u0159iven\u00fd Snapback Classic m\u00e1 typick\u00fd tvar snapbacku, vyztu\u017eenou p\u0159edn\u00ed stranu a odpov\u00eddaj\u00edc\u00ed plastov\u00e9 zap\u00edn\u00e1n\u00ed. Zahnut\u00fd k\u0161ilt vn\u00e1\u0161\u00ed do osv\u011bd\u010den\u00e9ho designu sv\u011b\u017e\u00ed v\u00edtr a dod\u00e1v\u00e1 k\u0161iltovce uvoln\u011bn\u00fd vzhled &#8211; jednoduch\u00fd a sportovn\u00ed.<\/p>\n<p><strong>Typ:<\/strong> Snapback<br \/>\n<strong>Materi\u00e1ly:<\/strong> 60% bavlna, 40% polyester, CVC kepr, 290 g\/m\u00b2<br \/>\n<strong>Velikost:<\/strong> jedna velikost<br \/>\n<strong>Panely: <\/strong>6<br \/>\n<strong>St\u00edn\u00edtko:<\/strong> Permacurv\u00ae<br \/>\n<strong>Barva:<\/strong> \u010dern\u00e1 \/ b\u00edl\u00e1<\/p>\n","protected":false},"featured_media":1955,"template":"","meta":[],"product_cat":[117,118],"product_tag":[],"class_list":{"0":"post-2679","1":"product","2":"type-product","3":"status-publish","4":"has-post-thumbnail","6":"product_cat-klasicke-feeder-plovak","7":"product_cat-method-feeder-cs","8":"has-post-title","9":"has-post-date","10":"has-post-category","11":"has-post-tag","12":"has-post-comment","13":"has-post-author","14":"","16":"first","17":"instock","18":"shipping-taxable","19":"purchasable","20":"product-type-simple"},"builder_content":"","_links":{"self":[{"href":"https:\/\/upfish.cz\/cs\/wp-json\/wp\/v2\/product\/2679","targetHints":{"allow":["GET"]}}],"collection":[{"href":"https:\/\/upfish.cz\/cs\/wp-json\/wp\/v2\/product"}],"about":[{"href":"https:\/\/upfish.cz\/cs\/wp-json\/wp\/v2\/types\/product"}],"wp:featuredmedia":[{"embeddable":true,"href":"https:\/\/upfish.cz\/cs\/wp-json\/wp\/v2\/media\/1955"}],"wp:attachment":[{"href":"https:\/\/upfish.cz\/cs\/wp-json\/wp\/v2\/media?parent=2679"}],"wp:term":[{"taxonomy":"product_cat","embeddable":true,"href":"https:\/\/upfish.cz\/cs\/wp-json\/wp\/v2\/product_cat?post=2679"},{"taxonomy":"product_tag","embeddable":true,"href":"https:\/\/upfish.cz\/cs\/wp-json\/wp\/v2\/product_tag?post=2679"}],"curies":[{"name":"wp","href":"https:\/\/api.w.org\/{rel}","templated":true}]}}