{"id":2636,"date":"2024-03-01T20:31:31","date_gmt":"2024-03-01T19:31:31","guid":{"rendered":"https:\/\/upfish.cz\/?post_type=product&#038;p=2636"},"modified":"2024-03-03T17:50:32","modified_gmt":"2024-03-03T16:50:32","slug":"camo-trucker-cap-white","status":"publish","type":"product","link":"https:\/\/upfish.cz\/cs\/produkt\/camo-trucker-cap-white\/","title":{"rendered":"Camo trucker cap"},"content":{"rendered":"<!--themify_builder_content-->\n<div id=\"themify_builder_content-2636\" data-postid=\"2636\" class=\"themify_builder_content themify_builder_content-2636 themify_builder tf_clear\">\n    <\/div>\n<!--\/themify_builder_content-->\n","protected":false},"excerpt":{"rendered":"<p>Nenucen\u00fd ve v\u0161ech ohledech: K\u0161iltovka Camo Trucker Cap m\u00e1 klasick\u00fd tvar s pr\u016fb\u011b\u017enou vyztu\u017eenou p\u0159edn\u00ed \u010d\u00e1st\u00ed a vzdu\u0161nou s\u00ed\u0165ovanou zadn\u00ed \u010d\u00e1st\u00ed. Mask\u00e1\u010dov\u00fd potisk v m\u00edrn\u011b pou\u017eit\u00e9m vzhledu dotv\u00e1\u0159\u00ed uvoln\u011bn\u00fd design a z t\u00e9to stylov\u00e9 k\u0161iltovky se rychle stane v\u00e1\u0161 nov\u00fd obl\u00edben\u00fd dopln\u011bk.<\/p>\n<p><strong>Typ:<\/strong> Snapback<br \/>\n<strong>Materi\u00e1ly:<\/strong> 98% bavlna \/ 2% elastan, s\u00ed\u0165ovina: 100% polyester<br \/>\n<strong>Velikost:<\/strong> jedna velikost<br \/>\n<strong>St\u00edn\u00edtko:<\/strong> zak\u0159iven\u00e1<br \/>\n<strong>Barva:<\/strong> Wood Camo \u010dern\u00e1 \/ b\u00edl\u00e1<\/p>\n","protected":false},"featured_media":1918,"template":"","meta":[],"product_cat":[117,118],"product_tag":[],"class_list":{"0":"post-2636","1":"product","2":"type-product","3":"status-publish","4":"has-post-thumbnail","6":"product_cat-klasicke-feeder-plovak","7":"product_cat-method-feeder-cs","8":"has-post-title","9":"has-post-date","10":"has-post-category","11":"has-post-tag","12":"has-post-comment","13":"has-post-author","14":"","16":"first","17":"instock","18":"featured","19":"shipping-taxable","20":"purchasable","21":"product-type-simple"},"builder_content":"","_links":{"self":[{"href":"https:\/\/upfish.cz\/cs\/wp-json\/wp\/v2\/product\/2636","targetHints":{"allow":["GET"]}}],"collection":[{"href":"https:\/\/upfish.cz\/cs\/wp-json\/wp\/v2\/product"}],"about":[{"href":"https:\/\/upfish.cz\/cs\/wp-json\/wp\/v2\/types\/product"}],"wp:featuredmedia":[{"embeddable":true,"href":"https:\/\/upfish.cz\/cs\/wp-json\/wp\/v2\/media\/1918"}],"wp:attachment":[{"href":"https:\/\/upfish.cz\/cs\/wp-json\/wp\/v2\/media?parent=2636"}],"wp:term":[{"taxonomy":"product_cat","embeddable":true,"href":"https:\/\/upfish.cz\/cs\/wp-json\/wp\/v2\/product_cat?post=2636"},{"taxonomy":"product_tag","embeddable":true,"href":"https:\/\/upfish.cz\/cs\/wp-json\/wp\/v2\/product_tag?post=2636"}],"curies":[{"name":"wp","href":"https:\/\/api.w.org\/{rel}","templated":true}]}}