{"id":2566,"date":"2024-02-27T14:31:44","date_gmt":"2024-02-27T13:31:44","guid":{"rendered":"https:\/\/upfish.cz\/produkt\/up-fish-competition\/"},"modified":"2024-03-01T08:01:41","modified_gmt":"2024-03-01T07:01:41","slug":"method-mix-competition","status":"publish","type":"product","link":"https:\/\/upfish.cz\/cs\/produkt\/method-mix-competition\/","title":{"rendered":"Method Mix Competition"},"content":{"rendered":"<!--themify_builder_content-->\n<div id=\"themify_builder_content-2566\" data-postid=\"2566\" class=\"themify_builder_content themify_builder_content-2566 themify_builder tf_clear\">\n    <\/div>\n<!--\/themify_builder_content-->\n","protected":false},"excerpt":{"rendered":"<p>Sout\u011b\u017en\u00ed n\u00e1vnada s velmi tmavou barvou, ur\u010den\u00e1 pro method feeder. M\u00e1 velmi jemnou frakci a vyzna\u010duje se rychl\u00fdm a stabiln\u00edm p\u016fsoben\u00edm. Po rozm\u00edch\u00e1n\u00ed nezanech\u00e1v\u00e1 na rukou \u017e\u00e1dn\u00e9 zabarven\u00ed. Jej\u00ed konzistence m\u00e1 p\u0159i spr\u00e1vn\u00e9m navlh\u010den\u00ed podobu bezpe\u010dn\u011b namo\u010den\u00e9 n\u00e1vnady, velmi dob\u0159e se formuje a je navr\u017eena tak, aby se v krm\u00edtku rychle rozpadla. V\u016fn\u011b ryb\u00ed mou\u010dky umoc\u0148uje krmen\u00ed ryb v komer\u010dn\u00edch n\u00e1dr\u017e\u00edch, jej\u00ed tmav\u00e1 barva dokonale lad\u00ed s barvou dna v\u011bt\u0161iny n\u00e1dr\u017e\u00ed. Konzistence p\u0159i spr\u00e1vn\u00e9m rozm\u00edch\u00e1n\u00ed umo\u017e\u0148uje lov v m\u011bl\u010d\u00edch i hlub\u0161\u00edch n\u00e1dr\u017e\u00edch a je ide\u00e1ln\u00ed pro lov na velk\u00e9 vzd\u00e1lenosti. Vlajkov\u00e1 n\u00e1vnada zna\u010dky Up Fish.<\/p>\n<p>Spr\u00e1vn\u00e9 namo\u010den\u00ed jsou 3 d\u00edly n\u00e1vnady na 1 d\u00edl vody. Po prom\u00edch\u00e1n\u00ed d\u00e1me n\u00e1vnadu na 20 minut stranou a pot\u00e9 dvakr\u00e1t prot\u0159eme p\u0159es s\u00edto.<\/p>\n","protected":false},"featured_media":2370,"template":"","meta":[],"product_cat":[118],"product_tag":[],"class_list":{"0":"post-2566","1":"product","2":"type-product","3":"status-publish","4":"has-post-thumbnail","6":"product_cat-method-feeder-cs","7":"has-post-title","8":"has-post-date","9":"has-post-category","10":"has-post-tag","11":"has-post-comment","12":"has-post-author","13":"","15":"first","16":"instock","17":"shipping-taxable","18":"purchasable","19":"product-type-simple"},"builder_content":"","_links":{"self":[{"href":"https:\/\/upfish.cz\/cs\/wp-json\/wp\/v2\/product\/2566","targetHints":{"allow":["GET"]}}],"collection":[{"href":"https:\/\/upfish.cz\/cs\/wp-json\/wp\/v2\/product"}],"about":[{"href":"https:\/\/upfish.cz\/cs\/wp-json\/wp\/v2\/types\/product"}],"wp:featuredmedia":[{"embeddable":true,"href":"https:\/\/upfish.cz\/cs\/wp-json\/wp\/v2\/media\/2370"}],"wp:attachment":[{"href":"https:\/\/upfish.cz\/cs\/wp-json\/wp\/v2\/media?parent=2566"}],"wp:term":[{"taxonomy":"product_cat","embeddable":true,"href":"https:\/\/upfish.cz\/cs\/wp-json\/wp\/v2\/product_cat?post=2566"},{"taxonomy":"product_tag","embeddable":true,"href":"https:\/\/upfish.cz\/cs\/wp-json\/wp\/v2\/product_tag?post=2566"}],"curies":[{"name":"wp","href":"https:\/\/api.w.org\/{rel}","templated":true}]}}