{"id":2558,"date":"2024-02-27T14:28:50","date_gmt":"2024-02-27T13:28:50","guid":{"rendered":"https:\/\/upfish.cz\/produkt\/up-fish-expert-1\/"},"modified":"2024-03-01T08:14:38","modified_gmt":"2024-03-01T07:14:38","slug":"method-mix-expert-1","status":"publish","type":"product","link":"https:\/\/upfish.cz\/cs\/produkt\/method-mix-expert-1\/","title":{"rendered":"Method Mix Expert 1"},"content":{"rendered":"<!--themify_builder_content-->\n<div id=\"themify_builder_content-2558\" data-postid=\"2558\" class=\"themify_builder_content themify_builder_content-2558 themify_builder tf_clear\">\n    <\/div>\n<!--\/themify_builder_content-->\n","protected":false},"excerpt":{"rendered":"<p>N\u00e1vnada s velmi bezpe\u010dnou hn\u011bdou barvou a ryb\u00ed v\u016fn\u00ed, ur\u010den\u00e1 pro method feeder, m\u00e1 velmi jemnou frakci a vyzna\u010duje se velmi rychl\u00fdm p\u016fsoben\u00edm. Jej\u00ed konzistence m\u00e1 p\u0159i spr\u00e1vn\u00e9m navlh\u010den\u00ed podobu t\u00e9m\u011b\u0159 &#8220;such\u00e9&#8221; n\u00e1vnady, velmi dob\u0159e se formuje a m\u00e1 za \u00fakol se v krm\u00edtku rychle rozpadnout anebo doslova &#8220;ozna\u010dit&#8221; na\u0161e vnadi\u0161t\u011b. Velmi \u00fa\u010dinn\u00e9 na ja\u0159e nebo v obdob\u00ed n\u00edzk\u00e9ho krmen\u00ed ryb. Tehdy je nejlep\u0161\u00ed pou\u017e\u00edvat pouze n\u00e1vnadu, mal\u00fd h\u00e1\u010dek (velikost 12 nebo 14) a malou n\u00e1strahu (velikost asi 6 mm). Velmi rychle v\u00e1b\u00ed ryby a v na\u0161em vnadi\u0161ti zanech\u00e1v\u00e1 oblak. V sez\u00f3n\u011b se d\u00e1 s \u00fasp\u011bchem pou\u017e\u00edt s mal\u00fdmi peletami v krm\u00edtku. Nejlep\u0161\u00ed je pou\u017e\u00edvat ji v n\u00e1dr\u017e\u00edch do max. 2 m hloubky.<\/p>\n<p>Spr\u00e1vn\u00e9 namo\u010den\u00ed jsou 3 d\u00edly n\u00e1vnady na 1 d\u00edl vody. Po prom\u00edch\u00e1n\u00ed d\u00e1me n\u00e1vnadu na 20 minut stranou a pot\u00e9 dvakr\u00e1t prot\u0159eme p\u0159es s\u00edto.<\/p>\n","protected":false},"featured_media":2344,"template":"","meta":[],"product_cat":[118],"product_tag":[],"class_list":{"0":"post-2558","1":"product","2":"type-product","3":"status-publish","4":"has-post-thumbnail","6":"product_cat-method-feeder-cs","7":"has-post-title","8":"has-post-date","9":"has-post-category","10":"has-post-tag","11":"has-post-comment","12":"has-post-author","13":"","15":"first","16":"instock","17":"shipping-taxable","18":"purchasable","19":"product-type-simple"},"builder_content":"","_links":{"self":[{"href":"https:\/\/upfish.cz\/cs\/wp-json\/wp\/v2\/product\/2558","targetHints":{"allow":["GET"]}}],"collection":[{"href":"https:\/\/upfish.cz\/cs\/wp-json\/wp\/v2\/product"}],"about":[{"href":"https:\/\/upfish.cz\/cs\/wp-json\/wp\/v2\/types\/product"}],"wp:featuredmedia":[{"embeddable":true,"href":"https:\/\/upfish.cz\/cs\/wp-json\/wp\/v2\/media\/2344"}],"wp:attachment":[{"href":"https:\/\/upfish.cz\/cs\/wp-json\/wp\/v2\/media?parent=2558"}],"wp:term":[{"taxonomy":"product_cat","embeddable":true,"href":"https:\/\/upfish.cz\/cs\/wp-json\/wp\/v2\/product_cat?post=2558"},{"taxonomy":"product_tag","embeddable":true,"href":"https:\/\/upfish.cz\/cs\/wp-json\/wp\/v2\/product_tag?post=2558"}],"curies":[{"name":"wp","href":"https:\/\/api.w.org\/{rel}","templated":true}]}}